{"id":1774,"date":"2024-12-27T10:51:44","date_gmt":"2024-12-27T10:51:44","guid":{"rendered":"https:\/\/www.monepi.fr\/?page_id=1774"},"modified":"2025-02-05T12:17:35","modified_gmt":"2025-02-05T12:17:35","slug":"passation-au-mouvement","status":"publish","type":"page","link":"https:\/\/www.monepi.fr\/","title":{"rendered":"Passation au Mouvement"},"content":{"rendered":"\t\t<div data-elementor-type=\"wp-page\" data-elementor-id=\"1774\" class=\"elementor elementor-1774\" data-elementor-post-type=\"page\">\n\t\t\t\t\t\t<section class=\"elementor-section elementor-top-section elementor-element elementor-element-82cff5d elementor-section-boxed elementor-section-height-default elementor-section-height-default\" data-id=\"82cff5d\" data-element_type=\"section\" data-settings=\"{&quot;background_background&quot;:&quot;classic&quot;}\">\n\t\t\t\t\t\t<div class=\"elementor-container elementor-column-gap-default\">\n\t\t\t\t\t<div class=\"elementor-column elementor-col-100 elementor-top-column elementor-element elementor-element-16f8e98\" data-id=\"16f8e98\" data-element_type=\"column\">\n\t\t\t<div class=\"elementor-widget-wrap elementor-element-populated\">\n\t\t\t\t\t\t<section class=\"elementor-section elementor-inner-section elementor-element elementor-element-0eda713 elementor-section-boxed elementor-section-height-default elementor-section-height-default\" data-id=\"0eda713\" data-element_type=\"section\" data-settings=\"{&quot;background_background&quot;:&quot;classic&quot;}\">\n\t\t\t\t\t\t<div class=\"elementor-container elementor-column-gap-default\">\n\t\t\t\t\t<div class=\"elementor-column elementor-col-50 elementor-inner-column elementor-element elementor-element-ea33d1e\" data-id=\"ea33d1e\" data-element_type=\"column\">\n\t\t\t<div class=\"elementor-widget-wrap elementor-element-populated\">\n\t\t\t\t\t\t<div class=\"elementor-element elementor-element-5af16d7 elementor-widget elementor-widget-heading\" data-id=\"5af16d7\" data-element_type=\"widget\" data-widget_type=\"heading.default\">\n\t\t\t\t<div class=\"elementor-widget-container\">\n\t\t\t\t\t<h2 class=\"elementor-heading-title elementor-size-default\">Mon\u00e9pi passe le relais au Mouvement des \u00c9pis<\/h2>\t\t\t\t<\/div>\n\t\t\t\t<\/div>\n\t\t\t\t<div class=\"elementor-element elementor-element-bad3c81 elementor-widget-divider--view-line elementor-widget elementor-widget-divider\" data-id=\"bad3c81\" data-element_type=\"widget\" data-widget_type=\"divider.default\">\n\t\t\t\t<div class=\"elementor-widget-container\">\n\t\t\t\t\t\t\t<div class=\"elementor-divider\">\n\t\t\t<span class=\"elementor-divider-separator\">\n\t\t\t\t\t\t<\/span>\n\t\t<\/div>\n\t\t\t\t\t\t<\/div>\n\t\t\t\t<\/div>\n\t\t\t\t<div class=\"elementor-element elementor-element-bf006ab elementor-widget elementor-widget-image\" data-id=\"bf006ab\" data-element_type=\"widget\" data-widget_type=\"image.default\">\n\t\t\t\t<div class=\"elementor-widget-container\">\n\t\t\t\t\t\t\t\t\t\t\t\t\t\t\t<img fetchpriority=\"high\" decoding=\"async\" width=\"768\" height=\"334\" src=\"https:\/\/www.monepi.fr\/wp-content\/uploads\/2023\/09\/63-e1694017324462-768x334.png\" class=\"attachment-medium_large size-medium_large wp-image-1202\" alt=\"\" srcset=\"https:\/\/www.monepi.fr\/wp-content\/uploads\/2023\/09\/63-e1694017324462-768x334.png 768w, https:\/\/www.monepi.fr\/wp-content\/uploads\/2023\/09\/63-e1694017324462-300x130.png 300w, https:\/\/www.monepi.fr\/wp-content\/uploads\/2023\/09\/63-e1694017324462.png 948w\" sizes=\"(max-width: 768px) 100vw, 768px\" \/>\t\t\t\t\t\t\t\t\t\t\t\t\t\t\t<\/div>\n\t\t\t\t<\/div>\n\t\t\t\t\t<\/div>\n\t\t<\/div>\n\t\t\t\t<div class=\"elementor-column elementor-col-50 elementor-inner-column elementor-element elementor-element-9fd6e53\" data-id=\"9fd6e53\" data-element_type=\"column\">\n\t\t\t<div class=\"elementor-widget-wrap elementor-element-populated\">\n\t\t\t\t\t\t<div class=\"elementor-element elementor-element-16a3c86 elementor-widget elementor-widget-image\" data-id=\"16a3c86\" data-element_type=\"widget\" data-widget_type=\"image.default\">\n\t\t\t\t<div class=\"elementor-widget-container\">\n\t\t\t\t\t\t\t\t\t\t\t\t\t\t\t<img decoding=\"async\" width=\"800\" height=\"415\" src=\"https:\/\/www.monepi.fr\/wp-content\/uploads\/2024\/12\/FreeSample-Vectorizer-io-logo2mvtLong-1.svg\" class=\"attachment-large size-large wp-image-1777\" alt=\"\" \/>\t\t\t\t\t\t\t\t\t\t\t\t\t\t\t<\/div>\n\t\t\t\t<\/div>\n\t\t\t\t\t<\/div>\n\t\t<\/div>\n\t\t\t\t\t<\/div>\n\t\t<\/section>\n\t\t\t\t\t<\/div>\n\t\t<\/div>\n\t\t\t\t\t<\/div>\n\t\t<\/section>\n\t\t\t\t<section class=\"elementor-section elementor-top-section elementor-element elementor-element-a778b15 elementor-section-boxed elementor-section-height-default elementor-section-height-default\" data-id=\"a778b15\" data-element_type=\"section\" data-settings=\"{&quot;background_background&quot;:&quot;classic&quot;}\">\n\t\t\t\t\t\t<div class=\"elementor-container elementor-column-gap-default\">\n\t\t\t\t\t<div class=\"elementor-column elementor-col-100 elementor-top-column elementor-element elementor-element-98153dd\" data-id=\"98153dd\" data-element_type=\"column\" data-settings=\"{&quot;background_background&quot;:&quot;classic&quot;}\">\n\t\t\t<div class=\"elementor-widget-wrap elementor-element-populated\">\n\t\t\t\t\t\t<div class=\"elementor-element elementor-element-e34d61b elementor-widget elementor-widget-text-editor\" data-id=\"e34d61b\" data-element_type=\"widget\" data-widget_type=\"text-editor.default\">\n\t\t\t\t<div class=\"elementor-widget-container\">\n\t\t\t\t\t\t\t\t\t<p dir=\"ltr\" style=\"line-height: 1.38; text-align: justify; margin-top: 0pt; margin-bottom: 0pt;\"><span style=\"background-color: transparent; font-size: 11pt; font-family: Arial, sans-serif; font-variant-numeric: normal; font-variant-east-asian: normal; font-variant-alternates: normal; font-variant-position: normal; font-variant-emoji: normal; vertical-align: baseline; white-space-collapse: preserve;\">Depuis la naissance du tout premier \u00c9pi \u00e0 Ch\u00e2teaufort, le r\u00e9seau s\u2019est \u00e9toff\u00e9 au point d\u2019atteindre un total de plus de <\/span><span style=\"background-color: transparent; font-size: 11pt; font-family: Arial, sans-serif; font-weight: bold; font-variant-numeric: normal; font-variant-east-asian: normal; font-variant-alternates: normal; font-variant-position: normal; font-variant-emoji: normal; vertical-align: baseline; white-space-collapse: preserve;\">440 \u00c9pis<\/span><span style=\"background-color: transparent; font-size: 11pt; font-family: Arial, sans-serif; font-variant-numeric: normal; font-variant-east-asian: normal; font-variant-alternates: normal; font-variant-position: normal; font-variant-emoji: normal; vertical-align: baseline; white-space-collapse: preserve;\"> ouverts ou en projet partout en France. Avec ce r\u00e9seau grandissant, le nombre <\/span><span style=\"background-color: transparent; font-size: 11pt; font-family: Arial, sans-serif; font-weight: bold; font-variant-numeric: normal; font-variant-east-asian: normal; font-variant-alternates: normal; font-variant-position: normal; font-variant-emoji: normal; vertical-align: baseline; white-space-collapse: preserve;\">d\u2019adh\u00e9rents<\/span><span style=\"background-color: transparent; font-size: 11pt; font-family: Arial, sans-serif; font-variant-numeric: normal; font-variant-east-asian: normal; font-variant-alternates: normal; font-variant-position: normal; font-variant-emoji: normal; vertical-align: baseline; white-space-collapse: preserve;\"> a d\u2019ores et d\u00e9j\u00e0 d\u00e9pass\u00e9 les <\/span><span style=\"background-color: transparent; font-size: 11pt; font-family: Arial, sans-serif; font-weight: bold; font-variant-numeric: normal; font-variant-east-asian: normal; font-variant-alternates: normal; font-variant-position: normal; font-variant-emoji: normal; vertical-align: baseline; white-space-collapse: preserve;\">15 000<\/span><span style=\"background-color: transparent; font-size: 11pt; font-family: Arial, sans-serif; font-variant-numeric: normal; font-variant-east-asian: normal; font-variant-alternates: normal; font-variant-position: normal; font-variant-emoji: normal; vertical-align: baseline; white-space-collapse: preserve;\">, qui ont donn\u00e9 au total <\/span><span style=\"background-color: transparent; font-size: 11pt; font-family: Arial, sans-serif; font-weight: bold; font-variant-numeric: normal; font-variant-east-asian: normal; font-variant-alternates: normal; font-variant-position: normal; font-variant-emoji: normal; vertical-align: baseline; white-space-collapse: preserve;\">750 000 heures<\/span><span style=\"background-color: transparent; font-size: 11pt; font-family: Arial, sans-serif; font-variant-numeric: normal; font-variant-east-asian: normal; font-variant-alternates: normal; font-variant-position: normal; font-variant-emoji: normal; vertical-align: baseline; white-space-collapse: preserve;\"> de leur temps \u00e0 la vie des \u00c9pis. Enfin, du c\u00f4t\u00e9 des producteurs, la liste de celles et ceux r\u00e9f\u00e9renc\u00e9s ne cesse de se densifier. Aujourd\u2019hui, ce sont plus de <\/span><span style=\"background-color: transparent; font-size: 11pt; font-family: Arial, sans-serif; font-weight: bold; font-variant-numeric: normal; font-variant-east-asian: normal; font-variant-alternates: normal; font-variant-position: normal; font-variant-emoji: normal; vertical-align: baseline; white-space-collapse: preserve;\">5 700 producteurs<\/span><span style=\"background-color: transparent; font-size: 11pt; font-family: Arial, sans-serif; font-variant-numeric: normal; font-variant-east-asian: normal; font-variant-alternates: normal; font-variant-position: normal; font-variant-emoji: normal; vertical-align: baseline; white-space-collapse: preserve;\"> qui vendent leurs produits localement au travers de nos \u00e9piceries.&nbsp;<\/span><\/p>\n<p dir=\"ltr\" style=\"line-height: 1.38; text-align: justify; margin-top: 0pt; margin-bottom: 0pt;\"><span style=\"background-color: transparent; font-family: Arial, sans-serif; font-size: 11pt; white-space-collapse: preserve;\">&nbsp;<\/span><\/p>\n<p dir=\"ltr\" style=\"line-height: 1.38; text-align: justify; margin-top: 0pt; margin-bottom: 0pt;\"><span style=\"background-color: transparent; font-family: Arial, sans-serif; font-size: 11pt; white-space-collapse: preserve;\">Et en cette fin d&#8217;ann\u00e9e 2024, une nouvelle page s&#8217;ouvre : <\/span><span style=\"background-color: transparent; font-size: 11pt; font-family: Arial, sans-serif; font-weight: bold; font-variant-numeric: normal; font-variant-east-asian: normal; font-variant-alternates: normal; font-variant-position: normal; font-variant-emoji: normal; vertical-align: baseline; white-space-collapse: preserve;\">Le Mouvement des \u00c9pis, <\/span><span style=\"background-color: transparent; font-size: 11pt; font-family: Arial, sans-serif; font-variant-numeric: normal; font-variant-east-asian: normal; font-variant-alternates: normal; font-variant-position: normal; font-variant-emoji: normal; vertical-align: baseline; white-space-collapse: preserve;\">une nouvelle association, a vu le jour pour repr\u00e9senter au mieux le r\u00e9seau des \u00c9pis et de refl\u00e9ter la diversit\u00e9 des acteurs impliqu\u00e9s. Ainsi, le d\u00e9veloppement du r\u00e9seau, jusque-l\u00e0 port\u00e9 par Mon\u00e9pi, deviendra la comp\u00e9tence de l\u2019association \u00e0 compter de 2025.&nbsp; <\/span><\/p>\n<p dir=\"ltr\" style=\"line-height: 1.38; text-align: justify; margin-top: 0pt; margin-bottom: 0pt;\"><span style=\"background-color: transparent; font-family: Arial, sans-serif; font-size: 11pt; white-space-collapse: preserve;\">Concr\u00e8tement, les objectifs port\u00e9s jusqu\u2019alors resteront les m\u00eames. Simplement, les t\u00e2ches seront co-d\u00e9velopp\u00e9es entre le Mouvement des \u00c9pis et Mon\u00e9pi. <\/span><\/p>\n<p dir=\"ltr\" style=\"line-height: 1.38; text-align: justify; margin-top: 0pt; margin-bottom: 0pt;\"><span style=\"background-color: transparent; font-family: Arial, sans-serif; font-size: 11pt; white-space-collapse: preserve;\">&nbsp;<\/span><\/p>\n<p dir=\"ltr\" style=\"line-height: 1.38; text-align: justify; margin-top: 0pt; margin-bottom: 0pt;\"><span style=\"background-color: transparent; font-family: Arial, sans-serif; font-size: 11pt; white-space-collapse: preserve;\">De son c\u00f4t\u00e9, l\u2019association Le Mouvement des \u00c9pis portera le d\u00e9veloppement du r\u00e9seau, au travers de la communication, de l&#8217;organisation d\u2019\u00e9v\u00e8nements et du partage des bonnes pratiques. Elle mettra aussi en valeur les nouveaut\u00e9s de la plateforme dirig\u00e9es par Mon\u00e9pi, comme ce sera le cas pour la nouvelle messagerie ! Ainsi, il s\u2019agit bien d\u2019un travail de co-d\u00e9veloppement entre les deux entit\u00e9s.<\/span><\/p>\n<p dir=\"ltr\" style=\"line-height: 1.38; text-align: justify; margin-top: 0pt; margin-bottom: 0pt;\"><span style=\"background-color: transparent; font-family: Arial, sans-serif; font-size: 11pt; white-space-collapse: preserve;\">&nbsp;<\/span><\/p>\n<p dir=\"ltr\" style=\"line-height: 1.38; text-align: justify; margin-top: 0pt; margin-bottom: 0pt;\"><span style=\"font-size: 11pt; font-family: Arial, sans-serif; background-color: transparent; font-variant-numeric: normal; font-variant-east-asian: normal; font-variant-alternates: normal; font-variant-position: normal; font-variant-emoji: normal; vertical-align: baseline; white-space-collapse: preserve;\">Bien \u00e9videmment, Mon\u00e9pi continuera de fonctionner ! En travaillant \u00e0 la fois aux am\u00e9liorations de la plateforme (qui reste \u00e0 la disposition des \u00c9pis gratuitement) et \u00e0 la diffusion du concept. De plus, Mon\u00e9pi souhaite d\u00e9velopper son r\u00f4le d<\/span><span style=\"font-size: 11pt; font-family: Arial, sans-serif; background-color: transparent; font-weight: bold; font-variant-numeric: normal; font-variant-east-asian: normal; font-variant-alternates: normal; font-variant-position: normal; font-variant-emoji: normal; vertical-align: baseline; white-space-collapse: preserve;\">\u2019incubateur de solutions pour d\u00e9velopper de nouvelles initiatives citoyennes<\/span><span style=\"font-size: 11pt; font-family: Arial, sans-serif; background-color: transparent; font-variant-numeric: normal; font-variant-east-asian: normal; font-variant-alternates: normal; font-variant-position: normal; font-variant-emoji: normal; vertical-align: baseline; white-space-collapse: preserve;\">. Nous pourrons nous consacrer \u00e0 d\u00e9velopper d\u2019autres communs, que cela soit en lien avec l\u2019alimentation ou avec d\u2019autres sujets soci\u00e9taux.<\/span><\/p>\n<p dir=\"ltr\" style=\"line-height: 1.38; text-align: justify; margin-top: 0pt; margin-bottom: 0pt;\"><span style=\"font-family: Arial, sans-serif;\"><span style=\"font-size: 14.6667px; white-space-collapse: preserve;\">Pour tous les renseignements sur les \u00c9pis, leur fonctionnement, leur cr\u00e9ation, rendez-vous sur le site du Mouvement des \u00c9pis via le bouton ci-dessous.<\/span><\/span><\/p>\t\t\t\t\t\t\t\t<\/div>\n\t\t\t\t<\/div>\n\t\t\t\t\t<\/div>\n\t\t<\/div>\n\t\t\t\t\t<\/div>\n\t\t<\/section>\n\t\t\t\t<section class=\"elementor-section elementor-top-section elementor-element elementor-element-d63f3d6 elementor-section-boxed elementor-section-height-default elementor-section-height-default\" data-id=\"d63f3d6\" data-element_type=\"section\">\n\t\t\t\t\t\t<div class=\"elementor-container elementor-column-gap-default\">\n\t\t\t\t\t<div class=\"elementor-column elementor-col-100 elementor-top-column elementor-element elementor-element-8868a54\" data-id=\"8868a54\" data-element_type=\"column\">\n\t\t\t<div class=\"elementor-widget-wrap elementor-element-populated\">\n\t\t\t\t\t\t<section class=\"elementor-section elementor-inner-section elementor-element elementor-element-a04e61f elementor-section-boxed elementor-section-height-default elementor-section-height-default\" data-id=\"a04e61f\" data-element_type=\"section\">\n\t\t\t\t\t\t<div class=\"elementor-container elementor-column-gap-default\">\n\t\t\t\t\t<div class=\"elementor-column elementor-col-100 elementor-inner-column elementor-element elementor-element-d421f9f\" data-id=\"d421f9f\" data-element_type=\"column\">\n\t\t\t<div class=\"elementor-widget-wrap elementor-element-populated\">\n\t\t\t\t\t\t<div class=\"elementor-element elementor-element-e459232 elementor-align-center elementor-widget elementor-widget-button\" data-id=\"e459232\" data-element_type=\"widget\" data-widget_type=\"button.default\">\n\t\t\t\t<div class=\"elementor-widget-container\">\n\t\t\t\t\t\t\t\t\t<div class=\"elementor-button-wrapper\">\n\t\t\t\t\t<a class=\"elementor-button elementor-button-link elementor-size-sm\" href=\"https:\/\/mouvementdesepis.org\/\" target=\"_blank\">\n\t\t\t\t\t\t<span class=\"elementor-button-content-wrapper\">\n\t\t\t\t\t\t\t\t\t<span class=\"elementor-button-text\">Rendez-vous sur le site du Mouvement des \u00c9pis<\/span>\n\t\t\t\t\t<\/span>\n\t\t\t\t\t<\/a>\n\t\t\t\t<\/div>\n\t\t\t\t\t\t\t\t<\/div>\n\t\t\t\t<\/div>\n\t\t\t\t\t<\/div>\n\t\t<\/div>\n\t\t\t\t\t<\/div>\n\t\t<\/section>\n\t\t\t\t<div class=\"elementor-element elementor-element-606e1a2 elementor-widget elementor-widget-image\" data-id=\"606e1a2\" data-element_type=\"widget\" data-settings=\"{&quot;motion_fx_motion_fx_mouse&quot;:&quot;yes&quot;}\" data-widget_type=\"image.default\">\n\t\t\t\t<div class=\"elementor-widget-container\">\n\t\t\t\t\t\t\t\t\t\t\t\t\t\t\t<img decoding=\"async\" width=\"300\" height=\"227\" src=\"https:\/\/www.monepi.fr\/wp-content\/uploads\/2020\/06\/18-farmer-300x227.png\" class=\"attachment-medium size-medium wp-image-211\" alt=\"\" srcset=\"https:\/\/www.monepi.fr\/wp-content\/uploads\/2020\/06\/18-farmer-300x227.png 300w, https:\/\/www.monepi.fr\/wp-content\/uploads\/2020\/06\/18-farmer-1024x776.png 1024w, https:\/\/www.monepi.fr\/wp-content\/uploads\/2020\/06\/18-farmer-768x582.png 768w, https:\/\/www.monepi.fr\/wp-content\/uploads\/2020\/06\/18-farmer-1536x1164.png 1536w, https:\/\/www.monepi.fr\/wp-content\/uploads\/2020\/06\/18-farmer.png 1550w\" sizes=\"(max-width: 300px) 100vw, 300px\" \/>\t\t\t\t\t\t\t\t\t\t\t\t\t\t\t<\/div>\n\t\t\t\t<\/div>\n\t\t\t\t\t<\/div>\n\t\t<\/div>\n\t\t\t\t\t<\/div>\n\t\t<\/section>\n\t\t\t\t<\/div>\n\t\t","protected":false},"excerpt":{"rendered":"<p>Mon\u00e9pi passe le relais au Mouvement des \u00c9pis Depuis la naissance du tout premier \u00c9pi \u00e0 Ch\u00e2teaufort, le r\u00e9seau s\u2019est \u00e9toff\u00e9 au point d\u2019atteindre un total de plus de 440 \u00c9pis ouverts ou en projet partout en France. Avec ce r\u00e9seau grandissant, le nombre d\u2019adh\u00e9rents a d\u2019ores et d\u00e9j\u00e0 d\u00e9pass\u00e9 les 15 000, qui ont [&hellip;]<\/p>\n","protected":false},"author":3,"featured_media":0,"parent":0,"menu_order":0,"comment_status":"closed","ping_status":"closed","template":"elementor_header_footer","meta":{"footnotes":""},"class_list":["post-1774","page","type-page","status-publish","hentry"],"_links":{"self":[{"href":"https:\/\/www.monepi.fr\/index.php?rest_route=\/wp\/v2\/pages\/1774","targetHints":{"allow":["GET"]}}],"collection":[{"href":"https:\/\/www.monepi.fr\/index.php?rest_route=\/wp\/v2\/pages"}],"about":[{"href":"https:\/\/www.monepi.fr\/index.php?rest_route=\/wp\/v2\/types\/page"}],"author":[{"embeddable":true,"href":"https:\/\/www.monepi.fr\/index.php?rest_route=\/wp\/v2\/users\/3"}],"replies":[{"embeddable":true,"href":"https:\/\/www.monepi.fr\/index.php?rest_route=%2Fwp%2Fv2%2Fcomments&post=1774"}],"version-history":[{"count":22,"href":"https:\/\/www.monepi.fr\/index.php?rest_route=\/wp\/v2\/pages\/1774\/revisions"}],"predecessor-version":[{"id":1835,"href":"https:\/\/www.monepi.fr\/index.php?rest_route=\/wp\/v2\/pages\/1774\/revisions\/1835"}],"wp:attachment":[{"href":"https:\/\/www.monepi.fr\/index.php?rest_route=%2Fwp%2Fv2%2Fmedia&parent=1774"}],"curies":[{"name":"wp","href":"https:\/\/api.w.org\/{rel}","templated":true}]}}