{"id":780,"date":"2020-11-15T09:47:44","date_gmt":"2020-11-15T09:47:44","guid":{"rendered":"https:\/\/www.monepi.fr\/?page_id=780"},"modified":"2021-01-22T13:06:59","modified_gmt":"2021-01-22T13:06:59","slug":"mentions-legales","status":"publish","type":"page","link":"https:\/\/www.monepi.fr\/?page_id=780","title":{"rendered":"Mentions L\u00e9gales"},"content":{"rendered":"\t\t<div data-elementor-type=\"wp-page\" data-elementor-id=\"780\" class=\"elementor elementor-780\" data-elementor-post-type=\"page\">\n\t\t\t\t\t\t<section class=\"elementor-section elementor-top-section elementor-element elementor-element-bfb69d0 elementor-section-boxed elementor-section-height-default elementor-section-height-default\" data-id=\"bfb69d0\" data-element_type=\"section\" data-settings=\"{&quot;background_background&quot;:&quot;classic&quot;}\">\n\t\t\t\t\t\t<div class=\"elementor-container elementor-column-gap-default\">\n\t\t\t\t\t<div class=\"elementor-column elementor-col-100 elementor-top-column elementor-element elementor-element-701684a\" data-id=\"701684a\" data-element_type=\"column\">\n\t\t\t<div class=\"elementor-widget-wrap elementor-element-populated\">\n\t\t\t\t\t\t<section class=\"elementor-section elementor-inner-section elementor-element elementor-element-203bf3d elementor-section-boxed elementor-section-height-default elementor-section-height-default\" data-id=\"203bf3d\" data-element_type=\"section\" data-settings=\"{&quot;background_background&quot;:&quot;classic&quot;}\">\n\t\t\t\t\t\t<div class=\"elementor-container elementor-column-gap-default\">\n\t\t\t\t\t<div class=\"elementor-column elementor-col-50 elementor-inner-column elementor-element elementor-element-156f4e8\" data-id=\"156f4e8\" data-element_type=\"column\">\n\t\t\t<div class=\"elementor-widget-wrap elementor-element-populated\">\n\t\t\t\t\t\t<div class=\"elementor-element elementor-element-58a8acd elementor-widget elementor-widget-heading\" data-id=\"58a8acd\" data-element_type=\"widget\" data-widget_type=\"heading.default\">\n\t\t\t\t<div class=\"elementor-widget-container\">\n\t\t\t\t\t<h2 class=\"elementor-heading-title elementor-size-default\">mentions L\u00e9gales<\/h2>\t\t\t\t<\/div>\n\t\t\t\t<\/div>\n\t\t\t\t<div class=\"elementor-element elementor-element-680ca42 elementor-widget-divider--view-line elementor-widget elementor-widget-divider\" data-id=\"680ca42\" data-element_type=\"widget\" data-widget_type=\"divider.default\">\n\t\t\t\t<div class=\"elementor-widget-container\">\n\t\t\t\t\t\t\t<div class=\"elementor-divider\">\n\t\t\t<span class=\"elementor-divider-separator\">\n\t\t\t\t\t\t<\/span>\n\t\t<\/div>\n\t\t\t\t\t\t<\/div>\n\t\t\t\t<\/div>\n\t\t\t\t\t<\/div>\n\t\t<\/div>\n\t\t\t\t<div class=\"elementor-column elementor-col-50 elementor-inner-column elementor-element elementor-element-28c4068\" data-id=\"28c4068\" data-element_type=\"column\">\n\t\t\t<div class=\"elementor-widget-wrap elementor-element-populated\">\n\t\t\t\t\t\t<div class=\"elementor-element elementor-element-d38b052 elementor-widget elementor-widget-image\" data-id=\"d38b052\" data-element_type=\"widget\" data-widget_type=\"image.default\">\n\t\t\t\t<div class=\"elementor-widget-container\">\n\t\t\t\t\t\t\t\t\t\t\t\t\t\t\t<img fetchpriority=\"high\" decoding=\"async\" width=\"800\" height=\"400\" src=\"https:\/\/www.monepi.fr\/wp-content\/uploads\/2020\/07\/06-epi-3-1024x512.png\" class=\"attachment-large size-large wp-image-303\" alt=\"\" srcset=\"https:\/\/www.monepi.fr\/wp-content\/uploads\/2020\/07\/06-epi-3-1024x512.png 1024w, https:\/\/www.monepi.fr\/wp-content\/uploads\/2020\/07\/06-epi-3-300x150.png 300w, https:\/\/www.monepi.fr\/wp-content\/uploads\/2020\/07\/06-epi-3-768x384.png 768w, https:\/\/www.monepi.fr\/wp-content\/uploads\/2020\/07\/06-epi-3-1536x768.png 1536w, https:\/\/www.monepi.fr\/wp-content\/uploads\/2020\/07\/06-epi-3-2048x1024.png 2048w\" sizes=\"(max-width: 800px) 100vw, 800px\" \/>\t\t\t\t\t\t\t\t\t\t\t\t\t\t\t<\/div>\n\t\t\t\t<\/div>\n\t\t\t\t\t<\/div>\n\t\t<\/div>\n\t\t\t\t\t<\/div>\n\t\t<\/section>\n\t\t\t\t\t<\/div>\n\t\t<\/div>\n\t\t\t\t\t<\/div>\n\t\t<\/section>\n\t\t\t\t<section class=\"elementor-section elementor-top-section elementor-element elementor-element-755466b elementor-section-boxed elementor-section-height-default elementor-section-height-default\" data-id=\"755466b\" data-element_type=\"section\">\n\t\t\t\t\t\t<div class=\"elementor-container elementor-column-gap-default\">\n\t\t\t\t\t<div class=\"elementor-column elementor-col-100 elementor-top-column elementor-element elementor-element-bc4a692\" data-id=\"bc4a692\" data-element_type=\"column\">\n\t\t\t<div class=\"elementor-widget-wrap elementor-element-populated\">\n\t\t\t\t\t\t<div class=\"elementor-element elementor-element-07d3059 elementor-widget elementor-widget-spacer\" data-id=\"07d3059\" data-element_type=\"widget\" data-widget_type=\"spacer.default\">\n\t\t\t\t<div class=\"elementor-widget-container\">\n\t\t\t\t\t\t\t<div class=\"elementor-spacer\">\n\t\t\t<div class=\"elementor-spacer-inner\"><\/div>\n\t\t<\/div>\n\t\t\t\t\t\t<\/div>\n\t\t\t\t<\/div>\n\t\t\t\t\t<\/div>\n\t\t<\/div>\n\t\t\t\t\t<\/div>\n\t\t<\/section>\n\t\t\t\t<section class=\"elementor-section elementor-top-section elementor-element elementor-element-f2113ff elementor-section-boxed elementor-section-height-default elementor-section-height-default\" data-id=\"f2113ff\" data-element_type=\"section\">\n\t\t\t\t\t\t<div class=\"elementor-container elementor-column-gap-default\">\n\t\t\t\t\t<div class=\"elementor-column elementor-col-100 elementor-top-column elementor-element elementor-element-09efd22\" data-id=\"09efd22\" data-element_type=\"column\">\n\t\t\t<div class=\"elementor-widget-wrap elementor-element-populated\">\n\t\t\t\t\t\t<div class=\"elementor-element elementor-element-454ed46 elementor-widget elementor-widget-text-editor\" data-id=\"454ed46\" data-element_type=\"widget\" data-widget_type=\"text-editor.default\">\n\t\t\t\t<div class=\"elementor-widget-container\">\n\t\t\t\t\t\t\t\t\t<div>\n<div>\n<p><strong>MONEPI<\/strong><br>18 rue Monseigneur Dies 35870 Le Minihic-sur-Rance<br>SIRET :&nbsp;82767852500029<br>contact@monepi.fr<\/p>\n<\/div>\n<\/div>\n<div>\n<div>\n<p><strong>H\u00c9BERGEMENT DU SITE<\/strong><br>OVH<br>2 rue Kellermann<br>BP 80157<br>59053 \u2013 ROUBAIX CEDEX 1<br>France<\/p>\n<\/div>\n<\/div>\n<div>\n<div>\n<p><strong>PROTECTION DES DONN\u00c9ES PERSONNELLES<\/strong><br>Monepi s\u2019engage \u00e0 garder confidentielles toutes les informations que vous lui communiquez.<\/p>\n<p>Vous pouvez acc\u00e9der \u00e0 vos donn\u00e9es personnelles et mettre \u00e0 jour ces informations gr\u00e2ce \u00e0 l\u2019identifiant et au mot de passe que vous avez choisis.<\/p>\n<p>Notez aussi que les informations personnelles et notamment les adresses e-mail sont la propri\u00e9t\u00e9 des \u00c9pis et non pas de Monepi.fr.<\/p>\n<\/div>\n<\/div>\n<div>\n<div>\n<p><strong>WEBMASTER<\/strong><br>Le webmaster est joignable au courriel suivant : contact@monepi.fr<\/p>\n<\/div>\n<\/div>\t\t\t\t\t\t\t\t<\/div>\n\t\t\t\t<\/div>\n\t\t\t\t\t<\/div>\n\t\t<\/div>\n\t\t\t\t\t<\/div>\n\t\t<\/section>\n\t\t\t\t<section class=\"elementor-section elementor-top-section elementor-element elementor-element-b24a5d8 elementor-section-boxed elementor-section-height-default elementor-section-height-default\" data-id=\"b24a5d8\" data-element_type=\"section\">\n\t\t\t\t\t\t<div class=\"elementor-container elementor-column-gap-default\">\n\t\t\t\t\t<div class=\"elementor-column elementor-col-100 elementor-top-column elementor-element elementor-element-d786d05\" data-id=\"d786d05\" data-element_type=\"column\">\n\t\t\t<div class=\"elementor-widget-wrap elementor-element-populated\">\n\t\t\t\t\t\t<div class=\"elementor-element elementor-element-77e5062 elementor-widget elementor-widget-spacer\" data-id=\"77e5062\" data-element_type=\"widget\" data-widget_type=\"spacer.default\">\n\t\t\t\t<div class=\"elementor-widget-container\">\n\t\t\t\t\t\t\t<div class=\"elementor-spacer\">\n\t\t\t<div class=\"elementor-spacer-inner\"><\/div>\n\t\t<\/div>\n\t\t\t\t\t\t<\/div>\n\t\t\t\t<\/div>\n\t\t\t\t\t<\/div>\n\t\t<\/div>\n\t\t\t\t\t<\/div>\n\t\t<\/section>\n\t\t\t\t<\/div>\n\t\t","protected":false},"excerpt":{"rendered":"<p>mentions L\u00e9gales MONEPI18 rue Monseigneur Dies 35870 Le Minihic-sur-RanceSIRET :&nbsp;82767852500029contact@monepi.fr H\u00c9BERGEMENT DU SITEOVH2 rue KellermannBP 8015759053 \u2013 ROUBAIX CEDEX 1France PROTECTION DES DONN\u00c9ES PERSONNELLESMonepi s\u2019engage \u00e0 garder confidentielles toutes les informations que vous lui communiquez. Vous pouvez acc\u00e9der \u00e0 vos donn\u00e9es personnelles et mettre \u00e0 jour ces informations gr\u00e2ce \u00e0 l\u2019identifiant et au mot de [&hellip;]<\/p>\n","protected":false},"author":3,"featured_media":0,"parent":0,"menu_order":0,"comment_status":"closed","ping_status":"closed","template":"elementor_header_footer","meta":{"footnotes":""},"class_list":["post-780","page","type-page","status-publish","hentry"],"_links":{"self":[{"href":"https:\/\/www.monepi.fr\/index.php?rest_route=\/wp\/v2\/pages\/780","targetHints":{"allow":["GET"]}}],"collection":[{"href":"https:\/\/www.monepi.fr\/index.php?rest_route=\/wp\/v2\/pages"}],"about":[{"href":"https:\/\/www.monepi.fr\/index.php?rest_route=\/wp\/v2\/types\/page"}],"author":[{"embeddable":true,"href":"https:\/\/www.monepi.fr\/index.php?rest_route=\/wp\/v2\/users\/3"}],"replies":[{"embeddable":true,"href":"https:\/\/www.monepi.fr\/index.php?rest_route=%2Fwp%2Fv2%2Fcomments&post=780"}],"version-history":[{"count":7,"href":"https:\/\/www.monepi.fr\/index.php?rest_route=\/wp\/v2\/pages\/780\/revisions"}],"predecessor-version":[{"id":877,"href":"https:\/\/www.monepi.fr\/index.php?rest_route=\/wp\/v2\/pages\/780\/revisions\/877"}],"wp:attachment":[{"href":"https:\/\/www.monepi.fr\/index.php?rest_route=%2Fwp%2Fv2%2Fmedia&parent=780"}],"curies":[{"name":"wp","href":"https:\/\/api.w.org\/{rel}","templated":true}]}}